{"id":54,"date":"2016-07-07T14:28:41","date_gmt":"2016-07-07T19:28:41","guid":{"rendered":"http:\/\/sites.edb.utexas.edu\/pcllab\/?page_id=54"},"modified":"2022-01-16T15:37:38","modified_gmt":"2022-01-16T21:37:38","slug":"participate","status":"publish","type":"page","link":"https:\/\/sites.edb.utexas.edu\/pcllab\/participate\/","title":{"rendered":"Participate"},"content":{"rendered":"<p><a href=\"http:\/\/sites.edb.utexas.edu\/pcllab\/..\/uploads\/sites\/81\/2018\/11\/Juliana_Joseph_Recruit.jpg\" aria-label=\"View larger image of lab members recruiting participants\"><img loading=\"lazy\" decoding=\"async\" class=\" wp-image-344 alignright\" src=\"http:\/\/sites.edb.utexas.edu\/pcllab\/..\/uploads\/sites\/81\/2018\/11\/Juliana_Joseph_Recruit-1024x847.jpg\" alt=\"Lab members at recruiting table\" width=\"348\" height=\"288\" srcset=\"https:\/\/sites.edb.utexas.edu\/wp-content\/uploads\/sites\/81\/2018\/11\/Juliana_Joseph_Recruit-1024x847.jpg 1024w, https:\/\/sites.edb.utexas.edu\/wp-content\/uploads\/sites\/81\/2018\/11\/Juliana_Joseph_Recruit-300x248.jpg 300w, https:\/\/sites.edb.utexas.edu\/wp-content\/uploads\/sites\/81\/2018\/11\/Juliana_Joseph_Recruit-768x635.jpg 768w, https:\/\/sites.edb.utexas.edu\/wp-content\/uploads\/sites\/81\/2018\/11\/Juliana_Joseph_Recruit.jpg 1480w\" sizes=\"auto, (max-width: 348px) 100vw, 348px\" \/><\/a>Interested in participating in one of our research studies? Click on the links below for more information on how to participate, or contact the Pediatric Coping and Language lab at (512) 475-7363\u00a0or\u00a0<a href=\"mailto:coping.language.lab@gmail.com\" aria-label=\"email address for the lab\">coping.language.lab@gmail.com<\/a><\/p>\n<p><strong>Bilingualism and Positive Youth Development Study:<\/strong><\/p>\n<ul>\n<li><a href=\"http:\/\/sites.edb.utexas.edu\/pcllab\/..\/uploads\/sites\/81\/2016\/07\/ApprvFlyerEng-37Mar2016.pdf\" aria-label=\"View Bilingualism and Positive Youth Development Study in English\">Information in English<\/a><\/li>\n<li><a href=\"http:\/\/sites.edb.utexas.edu\/pcllab\/..\/uploads\/sites\/81\/2016\/07\/ApprvFlyerSpan-37Mar2016.pdf\" aria-label=\"View Bilingualism and Positive Youth Development Study in Spanish\">Informaci\u00f3n en Espa\u00f1ol<\/a><\/li>\n<\/ul>\n<p><strong>Community-Based Participatory Research (CBPR) Study:<\/strong><\/p>\n<ul>\n<li><a href=\"http:\/\/sites.edb.utexas.edu\/pcllab\/..\/uploads\/sites\/81\/2016\/07\/CBPR-Recruitment-flyer-8_25_16.pdf\" aria-label=\"View Community-Based Participatory Research (CBPR) Study in English\">Information in English<\/a><\/li>\n<li><a href=\"http:\/\/sites.edb.utexas.edu\/pcllab\/..\/uploads\/sites\/81\/2016\/07\/CBPR-Spanish-Recruitment-flyer-8_25_16.pdf\" aria-label=\"View Community-Based Participatory Research (CBPR) Study in Spanish\">Informaci\u00f3n en Espa\u00f1ol<\/a><\/li>\n<\/ul>\n<p><strong>Marital Communication in Pediatric Cancer Study:<\/strong><\/p>\n<ul>\n<li><a href=\"http:\/\/sites.edb.utexas.edu\/pcllab\/..\/uploads\/sites\/81\/2016\/07\/2014-09-0050apprvFlyer01Feb17.pdf\" aria-label=\"View Marital Communication in Pediatric Cancer Study in English\">Information in English<\/a><\/li>\n<li><a href=\"http:\/\/sites.edb.utexas.edu\/pcllab\/..\/uploads\/sites\/81\/2016\/07\/2014-09-0050-Spn-Flyer-apprv-01Feb17.pdf\" aria-label=\"View Marital Communication in Pediatric Cancer Study in Spanish\">Informaci\u00f3n en Espa\u00f1ol<\/a><\/li>\n<\/ul>\n<p><strong>Pediatric Asthma Study<\/strong>:<em><br \/>\n<\/em><\/p>\n<ul>\n<li><a href=\"https:\/\/sites.edb.utexas.edu\/pcllab\/pediatric-asthma-recruitment-flyers\/\">Information in English<\/a><\/li>\n<li><a href=\"https:\/\/sites.edb.utexas.edu\/pcllab\/pediatric-asthma-recruitment-flyers\/\">Informaci\u00f3n en Espa\u00f1ol<\/a><\/li>\n<\/ul>\n","protected":false},"excerpt":{"rendered":"<p>Interested in participating in one of our research studies? Click on the links below for more information on how to participate, or contact the Pediatric Coping and Language lab at (512) 475-7363\u00a0or\u00a0coping.language.lab@gmail.com Bilingualism and Positive Youth Development Study: Information in English Informaci\u00f3n en Espa\u00f1ol Community-Based Participatory Research (CBPR) Study: Information in English Informaci\u00f3n en Espa\u00f1ol [&hellip;]<\/p>\n","protected":false},"author":49,"featured_media":0,"parent":0,"menu_order":3,"comment_status":"open","ping_status":"open","template":"","meta":{"_monsterinsights_skip_tracking":false,"_monsterinsights_sitenote_active":false,"_monsterinsights_sitenote_note":"","_monsterinsights_sitenote_category":0,"footnotes":""},"class_list":["post-54","page","type-page","status-publish","hentry"],"_links":{"self":[{"href":"https:\/\/sites.edb.utexas.edu\/pcllab\/wp-json\/wp\/v2\/pages\/54","targetHints":{"allow":["GET"]}}],"collection":[{"href":"https:\/\/sites.edb.utexas.edu\/pcllab\/wp-json\/wp\/v2\/pages"}],"about":[{"href":"https:\/\/sites.edb.utexas.edu\/pcllab\/wp-json\/wp\/v2\/types\/page"}],"author":[{"embeddable":true,"href":"https:\/\/sites.edb.utexas.edu\/pcllab\/wp-json\/wp\/v2\/users\/49"}],"replies":[{"embeddable":true,"href":"https:\/\/sites.edb.utexas.edu\/pcllab\/wp-json\/wp\/v2\/comments?post=54"}],"version-history":[{"count":26,"href":"https:\/\/sites.edb.utexas.edu\/pcllab\/wp-json\/wp\/v2\/pages\/54\/revisions"}],"predecessor-version":[{"id":766,"href":"https:\/\/sites.edb.utexas.edu\/pcllab\/wp-json\/wp\/v2\/pages\/54\/revisions\/766"}],"wp:attachment":[{"href":"https:\/\/sites.edb.utexas.edu\/pcllab\/wp-json\/wp\/v2\/media?parent=54"}],"curies":[{"name":"wp","href":"https:\/\/api.w.org\/{rel}","templated":true}]}}