{"id":7,"date":"2025-03-31T11:52:47","date_gmt":"2025-03-31T16:52:47","guid":{"rendered":"https:\/\/sites.edb.utexas.edu\/cherishlab\/?page_id=7"},"modified":"2025-12-01T08:45:16","modified_gmt":"2025-12-01T14:45:16","slug":"pubs","status":"publish","type":"page","link":"https:\/\/sites.edb.utexas.edu\/cherishlab\/pubs\/","title":{"rendered":"Publications"},"content":{"rendered":"\n<p>View Dr. Pablo Montero-Zamora&#8217;s peer-reviewed publications on <a href=\"https:\/\/scholar.google.com\/citations?hl=en&amp;user=jw7I6NUAAAAJ&amp;view_op=list_works&amp;sortby=pubdate\" data-type=\"link\" data-id=\"https:\/\/scholar.google.com\/citations?hl=en&amp;user=jw7I6NUAAAAJ&amp;view_op=list_works&amp;sortby=pubdate\">Google Scholar<\/a>.<\/p>\n\n\n\n<p><strong>Selected articles from the CHeRISH team:<\/strong><\/p>\n\n\n\n<p><strong>Montero-Zamora, P<\/strong>*., Ramirez, E*., &amp; Lopez-Soto, A. (2025). Enhancing uptake and dissemination of evidence-based interventions among U.S. Latino immigrants: Infusing cultural stress into youth alcohol prevention. <a href=\"https:\/\/www.linkedin.com\/posts\/latino-research-institute_new-research-indicates-that-addressing-cultural-activity-7333873262730366976-NyOO?utm_source=share&amp;utm_medium=member_desktop&amp;rcm=ACoAAC70BsgB-oN5-dfz06LySdtq5qpcYmRrDHU\"><em>Latino Research Institute<\/em><\/a>. Access it <a href=\"https:\/\/www.linkedin.com\/posts\/latino-research-institute_new-research-indicates-that-addressing-cultural-activity-7333873262730366976-NyOO?utm_source=share&amp;utm_medium=member_desktop&amp;rcm=ACoAAC70BsgB-oN5-dfz06LySdtq5qpcYmRrDHU\" data-type=\"link\" data-id=\"https:\/\/www.linkedin.com\/posts\/latino-research-institute_new-research-indicates-that-addressing-cultural-activity-7333873262730366976-NyOO?utm_source=share&amp;utm_medium=member_desktop&amp;rcm=ACoAAC70BsgB-oN5-dfz06LySdtq5qpcYmRrDHU\">here<\/a> *<span style=\"text-decoration: underline\">These authors share first authorship<\/span><\/p>\n\n\n\n<p><strong>Montero-Zamora, P.<\/strong>, Marsiglia, F., Nguyen, A., Toumbourou, J., &amp; Robertson, E. B. (2024). Introduction to the Special Issue: International Responses to Prevention Intervention Research During Human Ecosystem Disruptions.&nbsp;<em>Prevention science : the official journal of the Society for Prevention Research<\/em>,&nbsp;<em>25<\/em>(2), 209\u2013212. <a href=\"https:\/\/doi.org\/10.1007\/s11121-024-01650-5\">https:\/\/doi.org\/10.1007\/s11121-024-01650-5<\/a><\/p>\n\n\n\n<p><strong>Montero-Zamora, P.<\/strong>, Vos, S. R., Unger, J. B., Zeledon, I., Lee, R., Soto, D. W., Brown, E. C., Duque, M., Garcia, M. F., Scaramutti, C., Ertanir, B., &amp; Schwartz, S. J. (2023). Perceived Negative Political Climate Among Hispanic\/Latino Adolescents Before and After the 2020 U.S. Presidential Election: Associations with Internalizing Symptoms and Substance Use.&nbsp;<em>International journal of intercultural relations : IJIR<\/em>,&nbsp;<em>94<\/em>, 101790. <a href=\"https:\/\/doi.org\/10.1016\/j.ijintrel.2023.101790\">https:\/\/doi.org\/10.1016\/j.ijintrel.2023.101790<\/a><\/p>\n\n\n\n<p><strong>Montero-Zamora, P.<\/strong>, Salas-Wright, C. P., Maldonado-Molina, M. M., Brown, E. C., Vos, S. R., Garcia, M. F., Scaramutti, C., Rodriguez, J., Bates, M. M., &amp; Schwartz, S. J. (2023). Hurricane stress, cultural stress, and mental health among hurricane Maria migrants in the U.S. mainland.&nbsp;<em>The American journal of orthopsychiatry<\/em>,&nbsp;<em>93<\/em>(3), 211\u2013224. https:\/\/doi.org\/10.1037\/ort0000669<\/p>\n\n\n\n<p>Cobb, C. L., Mart\u00ednez, C. R., Schwartz, S. J., &amp; <strong>Montero-Zamora, P.<\/strong> (2023). Effects of social support processes during implementation of community-based randomized controlled trials: An example from a culturally adapted replication trial for Latino families.&nbsp;<em>Journal of community psychology<\/em>,&nbsp;<em>51<\/em>(3), 1201\u20131216. https:\/\/doi.org\/10.1002\/jcop.22977<\/p>\n\n\n\n<p><strong>Montero-Zamora, P.<\/strong>, Brown, E. C., Ringwalt, C. L., Schwartz, S. J., Prado, G., &amp; Ortiz-Garc\u00eda, J. (2023). Etiologic mechanisms in an adapted family-based preventive intervention for underage alcohol use in Mexico: Results of an exploratory pilot study.&nbsp;<em>Family process<\/em>,&nbsp;<em>62<\/em>(2), 609\u2013623. <a href=\"https:\/\/doi.org\/10.1111\/famp.12800\">https:\/\/doi.org\/10.1111\/famp.12800<\/a><\/p>\n\n\n\n<p>Brown, E. C., <strong>Montero-Zamora, P.<\/strong> A., Garcia, J. O., Aviles, K., Beaulieu, D., &amp; Haggerty, K. P. (2022). Development and Implementation of Businesses That Care in Zacatecas, Mexico.&nbsp;<em>Prevention science : the official journal of the Society for Prevention Research<\/em>,&nbsp;<em>23<\/em>(4), 663\u2013673. https:\/\/doi.org\/10.1007\/s11121-021-01312-w<\/p>\n\n\n\n<p><strong>Montero-Zamora, P.<\/strong>, Brown, E. C., Ringwalt, C. L., Schwartz, S. J., Prado, G., &amp; Ortiz-Garc\u00eda, J. (2022). Predictors of Engagement and Attendance of a Family-Based Prevention Program for Underage Drinking in Mexico.&nbsp;<em>Prevention science : the official journal of the Society for Prevention Research<\/em>,&nbsp;<em>23<\/em>(2), 237\u2013247. https:\/\/doi.org\/10.1007\/s11121-021-01301-z<\/p>\n\n\n\n<p>Salas-Wright, C. P., Oh, S., Vaughn, M. G., P\u00e9rez-G\u00f3mez, A., Mej\u00eda-Trujillo, J., <strong>Montero-Zamora, P.<\/strong>, Andrade, P., Cohen, M., Scaramutti, C., Rodr\u00edguez, J., &amp; Schwartz, S. J. (2021). A validation of the Perceived Negative Context of Reception Scale with recently-arrived Venezuelan immigrants in Colombia and the United States.&nbsp;<em>Cultural diversity &amp; ethnic minority psychology<\/em>,&nbsp;<em>27<\/em>(4), 649\u2013658. https:\/\/doi.org\/10.1037\/cdp0000455<\/p>\n\n\n\n<p><strong>Montero-Zamora, P.<\/strong>, St Fleur, R. G., Mej\u00eda-Trujillo, J., &amp; Brown, E. C. (2021). Contextual Fit of a Family Evidence-Based Intervention for Preventing Youth Alcohol Use in Mexico.&nbsp;<em>The journal of primary prevention<\/em>,&nbsp;<em>42<\/em>(5), 441\u2013457. https:\/\/doi.org\/10.1007\/s10935-021-00640-5<\/p>\n\n\n\n<p>Rojas, L. M., Bahamon, M., Lebron, C., <strong>Montero-Zamora, P.<\/strong>, Pardo, M., Wakefield, M., Tapia, M., Estrada, Y., Schwartz, S. J., &amp; Pantin, H. (2021). A Feasibility Trial of an Online-Only, Family-Centered Preventive Intervention for Hispanics: e-Familias Unidas.&nbsp;<em>The journal of primary prevention<\/em>,&nbsp;<em>42<\/em>(2), 97\u2013124. https:\/\/doi.org\/10.1007\/s10935-020-00620-1<\/p>\n\n\n\n<p>Brown, E. C., <strong>Montero-Zamora, P.<\/strong>, Cardozo-Mac\u00edas, F., Reyes-Rodr\u00edguez, M. F., Briney, J. S., Mej\u00eda-Trujillo, J., &amp; P\u00e9rez-G\u00f3mez, A. (2021). A Comparison of Cut Points for Measuring Risk Factors for Adolescent Substance Use and Antisocial Behaviors in the U.S. and Colombia.&nbsp;<em>International journal of environmental research and public health<\/em>,&nbsp;<em>18<\/em>(2), 470. https:\/\/doi.org\/10.3390\/ijerph18020470<br><\/p>\n","protected":false},"excerpt":{"rendered":"<p>View Dr. Pablo Montero-Zamora&#8217;s peer-reviewed publications on Google Scholar. Selected articles from the CHeRISH team: Montero-Zamora, P*., Ramirez, E*., &amp; Lopez-Soto, A. (2025). Enhancing uptake and dissemination of evidence-based interventions among U.S. Latino immigrants: Infusing cultural stress into youth alcohol prevention. Latino Research Institute. Access it here *These authors share first authorship Montero-Zamora, P., Marsiglia, [&hellip;]<\/p>\n","protected":false},"author":225,"featured_media":0,"parent":0,"menu_order":0,"comment_status":"closed","ping_status":"closed","template":"","meta":{"_monsterinsights_skip_tracking":false,"_monsterinsights_sitenote_active":false,"_monsterinsights_sitenote_note":"","_monsterinsights_sitenote_category":0,"footnotes":""},"class_list":["post-7","page","type-page","status-publish","hentry"],"_links":{"self":[{"href":"https:\/\/sites.edb.utexas.edu\/cherishlab\/wp-json\/wp\/v2\/pages\/7","targetHints":{"allow":["GET"]}}],"collection":[{"href":"https:\/\/sites.edb.utexas.edu\/cherishlab\/wp-json\/wp\/v2\/pages"}],"about":[{"href":"https:\/\/sites.edb.utexas.edu\/cherishlab\/wp-json\/wp\/v2\/types\/page"}],"author":[{"embeddable":true,"href":"https:\/\/sites.edb.utexas.edu\/cherishlab\/wp-json\/wp\/v2\/users\/225"}],"replies":[{"embeddable":true,"href":"https:\/\/sites.edb.utexas.edu\/cherishlab\/wp-json\/wp\/v2\/comments?post=7"}],"version-history":[{"count":7,"href":"https:\/\/sites.edb.utexas.edu\/cherishlab\/wp-json\/wp\/v2\/pages\/7\/revisions"}],"predecessor-version":[{"id":127,"href":"https:\/\/sites.edb.utexas.edu\/cherishlab\/wp-json\/wp\/v2\/pages\/7\/revisions\/127"}],"wp:attachment":[{"href":"https:\/\/sites.edb.utexas.edu\/cherishlab\/wp-json\/wp\/v2\/media?parent=7"}],"curies":[{"name":"wp","href":"https:\/\/api.w.org\/{rel}","templated":true}]}}