{"id":1,"date":"2018-12-17T09:53:04","date_gmt":"2018-12-17T15:53:04","guid":{"rendered":"http:\/\/sites.edb.utexas.edu\/agency-and-young-children\/?page_id=1"},"modified":"2025-12-15T11:55:05","modified_gmt":"2025-12-15T17:55:05","slug":"home","status":"publish","type":"page","link":"https:\/\/sites.edb.utexas.edu\/agency-and-young-children\/","title":{"rendered":"Home"},"content":{"rendered":"\n<figure class=\"wp-block-embed is-type-rich is-provider-spotify wp-block-embed-spotify wp-embed-aspect-21-9 wp-has-aspect-ratio\"><div class=\"wp-block-embed__wrapper\">\n<iframe title=\"Spotify Embed: The Balancing Act: Learning, Work, and Play\" style=\"border-radius: 12px\" width=\"100%\" height=\"152\" frameborder=\"0\" allowfullscreen allow=\"autoplay; clipboard-write; encrypted-media; fullscreen; picture-in-picture\" loading=\"lazy\" src=\"https:\/\/open.spotify.com\/embed\/episode\/5Bgmo24W9e8SGq4ORSCzQA?utm_source=oembed\"><\/iframe>\n<\/div><\/figure>\n\n\n\n<div class=\"wp-block-columns is-layout-flex wp-container-core-columns-is-layout-9d6595d7 wp-block-columns-is-layout-flex\">\n<div class=\"wp-block-column is-layout-flow wp-block-column-is-layout-flow\">\n<div class=\"wp-block-group\"><div class=\"wp-block-group__inner-container is-layout-flow wp-block-group-is-layout-flow\">\n<p class=\"has-text-color\" style=\"color:#bf5700;font-size:28px\">Balancing Online and In-Person Learning for Young Children<\/p>\n\n\n\n<p>At this time of COVID-19, teachers, parents, and caretakers are trying to figure out how to educate young children using online technologies. Schools and districts are trying to figure out how best to support parents and continue children\u2019s academic progress while they are away from school. <\/p>\n\n\n\n<p style=\"font-style:normal;font-weight:700\">Click on the link below to view some principles of early childhood learning that could be helpful in shaping how parents, schools and districts approach daily or weekly support for children and families. <\/p>\n\n\n\n<div class=\"wp-block-file\"><a href=\"http:\/\/sites.edb.utexas.edu\/wp-content\/uploads\/sites\/157\/2020\/03\/English-ECE-Guidance_compressed.pdf\" target=\"_blank\" rel=\"noreferrer noopener\">English<\/a><a href=\"http:\/\/sites.edb.utexas.edu\/wp-content\/uploads\/sites\/157\/2020\/03\/English-ECE-Guidance_compressed.pdf\" class=\"wp-block-file__button wp-element-button\" download>Download<\/a><\/div>\n<\/div><\/div>\n\n\n\n<hr class=\"wp-block-separator has-css-opacity\"\/>\n<\/div>\n\n\n\n<div class=\"wp-block-column is-layout-flow wp-block-column-is-layout-flow\">\n<div class=\"wp-block-group\"><div class=\"wp-block-group__inner-container is-layout-flow wp-block-group-is-layout-flow\">\n<p class=\"has-text-color\" style=\"color:#bf5700;font-size:28px\">Balanceando el aprendizaje en l\u00ednea y el presencial con ni\u00f1os y ni\u00f1as peque\u00f1os<\/p>\n\n\n\n<p>En este momento que nos enfrentamos a los desaf\u00edos del COVID-19, los maestros, padres y cuidadores est\u00e1n tratando de entender c\u00f3mo educar a los ni\u00f1os y ni\u00f1as utilizando las tecnolog\u00edas en l\u00ednea. Las escuelas y los distritos escolares est\u00e1n tratando de identificar la mejor manera de apoyar a las familias y mantener el progreso acad\u00e9mico de los ni\u00f1os y ni\u00f1as fuera de las escuelas.&nbsp; <\/p>\n\n\n\n<p style=\"font-style:normal;font-weight:700\">Siga el enlace a abajo para ver unos principios de aprendizaje en la primera infancia que podr\u00edan ser \u00fatiles para determinar la forma en que los padres, las escuelas y los distritos apoyan diariamente o semanalmente a los ni\u00f1os, ni\u00f1as y sus familias. <\/p>\n\n\n\n<div class=\"wp-block-file\"><a href=\"http:\/\/sites.edb.utexas.edu\/wp-content\/uploads\/sites\/157\/2020\/03\/Espan\u0303ol-ECE-Guidance-_compressed.pdf\" target=\"_blank\" rel=\"noreferrer noopener\">Espan\u0303ol<\/a><a href=\"http:\/\/sites.edb.utexas.edu\/wp-content\/uploads\/sites\/157\/2020\/03\/Espan\u0303ol-ECE-Guidance-_compressed.pdf\" class=\"wp-block-file__button wp-element-button\" download>Download<\/a><\/div>\n<\/div><\/div>\n\n\n\n<hr class=\"wp-block-separator has-css-opacity\"\/>\n<\/div>\n<\/div>\n\n\n\n<p><\/p>\n","protected":false},"excerpt":{"rendered":"<p>Balancing Online and In-Person Learning for Young Children At this time of COVID-19, teachers, parents, and caretakers are trying to figure out how to educate young children using online technologies. Schools and districts are trying to figure out how best to support parents and continue children\u2019s academic progress while they are away from school. Click [&hellip;]<\/p>\n","protected":false},"author":129,"featured_media":31,"parent":0,"menu_order":2,"comment_status":"closed","ping_status":"closed","template":"","meta":{"_monsterinsights_skip_tracking":false,"_monsterinsights_sitenote_active":false,"_monsterinsights_sitenote_note":"","_monsterinsights_sitenote_category":0,"footnotes":""},"class_list":["post-1","page","type-page","status-publish","has-post-thumbnail","hentry"],"_links":{"self":[{"href":"https:\/\/sites.edb.utexas.edu\/agency-and-young-children\/wp-json\/wp\/v2\/pages\/1","targetHints":{"allow":["GET"]}}],"collection":[{"href":"https:\/\/sites.edb.utexas.edu\/agency-and-young-children\/wp-json\/wp\/v2\/pages"}],"about":[{"href":"https:\/\/sites.edb.utexas.edu\/agency-and-young-children\/wp-json\/wp\/v2\/types\/page"}],"author":[{"embeddable":true,"href":"https:\/\/sites.edb.utexas.edu\/agency-and-young-children\/wp-json\/wp\/v2\/users\/129"}],"replies":[{"embeddable":true,"href":"https:\/\/sites.edb.utexas.edu\/agency-and-young-children\/wp-json\/wp\/v2\/comments?post=1"}],"version-history":[{"count":69,"href":"https:\/\/sites.edb.utexas.edu\/agency-and-young-children\/wp-json\/wp\/v2\/pages\/1\/revisions"}],"predecessor-version":[{"id":542,"href":"https:\/\/sites.edb.utexas.edu\/agency-and-young-children\/wp-json\/wp\/v2\/pages\/1\/revisions\/542"}],"wp:featuredmedia":[{"embeddable":true,"href":"https:\/\/sites.edb.utexas.edu\/agency-and-young-children\/wp-json\/wp\/v2\/media\/31"}],"wp:attachment":[{"href":"https:\/\/sites.edb.utexas.edu\/agency-and-young-children\/wp-json\/wp\/v2\/media?parent=1"}],"curies":[{"name":"wp","href":"https:\/\/api.w.org\/{rel}","templated":true}]}}