{"id":60,"date":"2021-06-08T18:38:36","date_gmt":"2021-06-08T23:38:36","guid":{"rendered":"http:\/\/sites.edb.utexas.edu\/ibhr\/?page_id=60"},"modified":"2021-06-08T19:57:17","modified_gmt":"2021-06-09T00:57:17","slug":"handouts-hojas-informativas","status":"publish","type":"page","link":"http:\/\/sites.edb.utexas.edu\/ibhr\/inicio-espanol\/sitios-de-la-salud-mental-integrada-en-austin-tx\/handouts-hojas-informativas\/","title":{"rendered":"Handouts \/ Hojas Informativas"},"content":{"rendered":"\n<p>Below, please find informational handouts about common concerns for which people seek mental health services. Right now, some are available in both languages (first English, then Spanish), but others are only available in English \/ <em>A continuaci\u00f3n, encuentre hojas informativas sobre dificultades comunes por cuales personas buscan servicios de salud mental. Ahora, algunos son accesibles en los dos idiomas (primero ingl\u00e9s, despu\u00e9s espa\u00f1ol), y otros s\u00f3lo existe en ingl\u00e9s.  <\/em><\/p>\n\n\n\n<p><strong>Bilingual Handouts \/ <em>Hojas Informativas<\/em> <em>Biling\u00fces<\/em>: <\/strong><\/p>\n\n\n\n<div class=\"wp-block-file\"><a href=\"http:\/\/sites.edb.utexas.edu\/wp-content\/uploads\/sites\/172\/2021\/06\/Safety-Plan.pdf\">Safety Plan for Suicidal Ideation \/ Plan de Seguridad para Ideaci\u00f3n Suicida<\/a><a href=\"http:\/\/sites.edb.utexas.edu\/wp-content\/uploads\/sites\/172\/2021\/06\/Safety-Plan.pdf\" class=\"wp-block-file__button\" download>Download<\/a><\/div>\n\n\n\n<div class=\"wp-block-file\"><a href=\"http:\/\/sites.edb.utexas.edu\/wp-content\/uploads\/sites\/172\/2021\/06\/Si\u0301ndrome-de-Tourette-y-Tics-en-Ninos-y-Adolescentes.pptx\">Tourette&#8217;s Syndrom &amp; Tics \/ Si\u0301ndrome de Tourette y Tics en Ninos y Adolescentes<\/a><a href=\"http:\/\/sites.edb.utexas.edu\/wp-content\/uploads\/sites\/172\/2021\/06\/Si\u0301ndrome-de-Tourette-y-Tics-en-Ninos-y-Adolescentes.pptx\" class=\"wp-block-file__button\" download>Download<\/a><\/div>\n\n\n\n<div class=\"wp-block-file\"><a href=\"http:\/\/sites.edb.utexas.edu\/wp-content\/uploads\/sites\/172\/2021\/06\/Premios-y-Responsabilidades.pptx\">Rewards and Responsibilities \/ Premios y Responsabilidades<\/a><a href=\"http:\/\/sites.edb.utexas.edu\/wp-content\/uploads\/sites\/172\/2021\/06\/Premios-y-Responsabilidades.pptx\" class=\"wp-block-file__button\" download>Download<\/a><\/div>\n\n\n\n<div class=\"wp-block-file\"><a href=\"http:\/\/sites.edb.utexas.edu\/wp-content\/uploads\/sites\/172\/2021\/06\/Trastornos-por-consumo-de-sustancias.pptx\">Substance Use Disorders \/ Trastornos por consumo de sustancias<\/a><a href=\"http:\/\/sites.edb.utexas.edu\/wp-content\/uploads\/sites\/172\/2021\/06\/Trastornos-por-consumo-de-sustancias.pptx\" class=\"wp-block-file__button\" download>Download<\/a><\/div>\n\n\n\n<div class=\"wp-block-file\"><a href=\"http:\/\/sites.edb.utexas.edu\/wp-content\/uploads\/sites\/172\/2021\/06\/Derechos-de-Educacio\u0301n-Especial.pptx\">Special Education Rights \/ Derechos de Educacio\u0301n Especial<\/a><a href=\"http:\/\/sites.edb.utexas.edu\/wp-content\/uploads\/sites\/172\/2021\/06\/Derechos-de-Educacio\u0301n-Especial.pptx\" class=\"wp-block-file__button\" download>Download<\/a><\/div>\n\n\n\n<div class=\"wp-block-file\"><a href=\"http:\/\/sites.edb.utexas.edu\/wp-content\/uploads\/sites\/172\/2021\/06\/Trauma-en-los-Nin\u0303os.pptx\">Trauma in Children \/ Trauma en los Nin\u0303os<\/a><a href=\"http:\/\/sites.edb.utexas.edu\/wp-content\/uploads\/sites\/172\/2021\/06\/Trauma-en-los-Nin\u0303os.pptx\" class=\"wp-block-file__button\" download>Download<\/a><\/div>\n\n\n\n<div class=\"wp-block-file\"><a href=\"http:\/\/sites.edb.utexas.edu\/wp-content\/uploads\/sites\/172\/2021\/06\/Encopresis.pptx\">Encopresis<\/a><a href=\"http:\/\/sites.edb.utexas.edu\/wp-content\/uploads\/sites\/172\/2021\/06\/Encopresis.pptx\" class=\"wp-block-file__button\" download>Download<\/a><\/div>\n\n\n\n<div class=\"wp-block-file\"><a href=\"http:\/\/sites.edb.utexas.edu\/wp-content\/uploads\/sites\/172\/2021\/06\/Tiempo-Fuera.pptx\">Time Out \/ Tiempo Fuera<\/a><a href=\"http:\/\/sites.edb.utexas.edu\/wp-content\/uploads\/sites\/172\/2021\/06\/Tiempo-Fuera.pptx\" class=\"wp-block-file__button\" download>Download<\/a><\/div>\n\n\n\n<div class=\"wp-block-file\"><a href=\"http:\/\/sites.edb.utexas.edu\/wp-content\/uploads\/sites\/172\/2021\/06\/Gender-Identity-Gender-Dysphoria-and-Gender-Identity-Resources.pptx\">Gender Identity \/ Identidad de G\u00e9nero<\/a><a href=\"http:\/\/sites.edb.utexas.edu\/wp-content\/uploads\/sites\/172\/2021\/06\/Gender-Identity-Gender-Dysphoria-and-Gender-Identity-Resources.pptx\" class=\"wp-block-file__button\" download>Download<\/a><\/div>\n\n\n\n<div class=\"wp-block-file\"><a href=\"http:\/\/sites.edb.utexas.edu\/wp-content\/uploads\/sites\/172\/2021\/06\/Sexual-Orientation.pptx\">Sexual Orientation \/ Orientaci\u00f3n Sexual<\/a><a href=\"http:\/\/sites.edb.utexas.edu\/wp-content\/uploads\/sites\/172\/2021\/06\/Sexual-Orientation.pptx\" class=\"wp-block-file__button\" download>Download<\/a><\/div>\n\n\n\n<div class=\"wp-block-file\"><a href=\"http:\/\/sites.edb.utexas.edu\/wp-content\/uploads\/sites\/172\/2021\/06\/Somatic-Disorders.pptx.pdf\">Somatic Disorders \/ Trastornos Somatomorfos<\/a><a href=\"http:\/\/sites.edb.utexas.edu\/wp-content\/uploads\/sites\/172\/2021\/06\/Somatic-Disorders.pptx.pdf\" class=\"wp-block-file__button\" download>Download<\/a><\/div>\n\n\n\n<p><strong>Handouts Only in English \/ <em>Hojas Informativas S\u00f3lo en Ingl\u00e9s<\/em>: <\/strong><\/p>\n\n\n\n<div class=\"wp-block-file\"><a href=\"http:\/\/sites.edb.utexas.edu\/wp-content\/uploads\/sites\/172\/2021\/06\/Giving-Effective-Instructions.pptx\">Giving Effective Instructions<\/a><a href=\"http:\/\/sites.edb.utexas.edu\/wp-content\/uploads\/sites\/172\/2021\/06\/Giving-Effective-Instructions.pptx\" class=\"wp-block-file__button\" download>Download<\/a><\/div>\n\n\n\n<div class=\"wp-block-file\"><a href=\"http:\/\/sites.edb.utexas.edu\/wp-content\/uploads\/sites\/172\/2021\/06\/ADHD-Psyched.pptx\">Attention Deficit Hyperactivity Disorder (ADHD)<\/a><a href=\"http:\/\/sites.edb.utexas.edu\/wp-content\/uploads\/sites\/172\/2021\/06\/ADHD-Psyched.pptx\" class=\"wp-block-file__button\" download>Download<\/a><\/div>\n\n\n\n<div class=\"wp-block-file\"><a href=\"http:\/\/sites.edb.utexas.edu\/wp-content\/uploads\/sites\/172\/2021\/06\/Disruptive-Behavior-Psychoed.pptx\">Disruptive Behavior<\/a><a href=\"http:\/\/sites.edb.utexas.edu\/wp-content\/uploads\/sites\/172\/2021\/06\/Disruptive-Behavior-Psychoed.pptx\" class=\"wp-block-file__button\" download>Download<\/a><\/div>\n\n\n\n<div class=\"wp-block-file\"><a href=\"http:\/\/sites.edb.utexas.edu\/wp-content\/uploads\/sites\/172\/2021\/06\/GAD-Psychoed-Sheet.pptx\">Generalized Anxiety Disorder<\/a><a href=\"http:\/\/sites.edb.utexas.edu\/wp-content\/uploads\/sites\/172\/2021\/06\/GAD-Psychoed-Sheet.pptx\" class=\"wp-block-file__button\" download>Download<\/a><\/div>\n\n\n\n<div class=\"wp-block-file\"><a href=\"http:\/\/sites.edb.utexas.edu\/wp-content\/uploads\/sites\/172\/2021\/06\/Specific-Phobia-Psyched.pptx\">Specific Phobia<\/a><a href=\"http:\/\/sites.edb.utexas.edu\/wp-content\/uploads\/sites\/172\/2021\/06\/Specific-Phobia-Psyched.pptx\" class=\"wp-block-file__button\" download>Download<\/a><\/div>\n\n\n\n<div class=\"wp-block-file\"><a href=\"http:\/\/sites.edb.utexas.edu\/wp-content\/uploads\/sites\/172\/2021\/06\/Panic-Disorder-Psyched-.pptx\">Panic Disorder<\/a><a href=\"http:\/\/sites.edb.utexas.edu\/wp-content\/uploads\/sites\/172\/2021\/06\/Panic-Disorder-Psyched-.pptx\" class=\"wp-block-file__button\" download>Download<\/a><\/div>\n\n\n\n<div class=\"wp-block-file\"><a href=\"http:\/\/sites.edb.utexas.edu\/wp-content\/uploads\/sites\/172\/2021\/06\/Enuresis.pptx\">Enuresis<\/a><a href=\"http:\/\/sites.edb.utexas.edu\/wp-content\/uploads\/sites\/172\/2021\/06\/Enuresis.pptx\" class=\"wp-block-file__button\" download>Download<\/a><\/div>\n\n\n\n<div class=\"wp-block-file\"><a href=\"http:\/\/sites.edb.utexas.edu\/wp-content\/uploads\/sites\/172\/2021\/06\/Social-Anxiety-Disorder-Sheet.pptx\">Social Anxiety Disorder<\/a><a href=\"http:\/\/sites.edb.utexas.edu\/wp-content\/uploads\/sites\/172\/2021\/06\/Social-Anxiety-Disorder-Sheet.pptx\" class=\"wp-block-file__button\" download>Download<\/a><\/div>\n\n\n\n<div class=\"wp-block-file\"><a href=\"http:\/\/sites.edb.utexas.edu\/wp-content\/uploads\/sites\/172\/2021\/06\/Selective-Mutism-Psyched.pptx\">Selective Mutism<\/a><a href=\"http:\/\/sites.edb.utexas.edu\/wp-content\/uploads\/sites\/172\/2021\/06\/Selective-Mutism-Psyched.pptx\" class=\"wp-block-file__button\" download>Download<\/a><\/div>\n\n\n\n<div class=\"wp-block-file\"><a href=\"http:\/\/sites.edb.utexas.edu\/wp-content\/uploads\/sites\/172\/2021\/06\/OCD-Psyched.pptx\">Obsessive Compulsive Disorder (OCD)<\/a><a href=\"http:\/\/sites.edb.utexas.edu\/wp-content\/uploads\/sites\/172\/2021\/06\/OCD-Psyched.pptx\" class=\"wp-block-file__button\" download>Download<\/a><\/div>\n\n\n\n<div class=\"wp-block-file\"><a href=\"http:\/\/sites.edb.utexas.edu\/wp-content\/uploads\/sites\/172\/2021\/06\/Separation-Anxiety-Psyched.pptx\">Separation Anxiety<\/a><a href=\"http:\/\/sites.edb.utexas.edu\/wp-content\/uploads\/sites\/172\/2021\/06\/Separation-Anxiety-Psyched.pptx\" class=\"wp-block-file__button\" download>Download<\/a><\/div>\n\n\n\n<div class=\"wp-block-file\"><a href=\"http:\/\/sites.edb.utexas.edu\/wp-content\/uploads\/sites\/172\/2021\/06\/Eating-Disorders.pptx\">Eating Disorders<\/a><a href=\"http:\/\/sites.edb.utexas.edu\/wp-content\/uploads\/sites\/172\/2021\/06\/Eating-Disorders.pptx\" class=\"wp-block-file__button\" download>Download<\/a><\/div>\n\n\n\n<div class=\"wp-block-file\"><a href=\"http:\/\/sites.edb.utexas.edu\/wp-content\/uploads\/sites\/172\/2021\/06\/Body-Dysmorphia-Psyched.pptx\">Body Dysmorphia<\/a><a href=\"http:\/\/sites.edb.utexas.edu\/wp-content\/uploads\/sites\/172\/2021\/06\/Body-Dysmorphia-Psyched.pptx\" class=\"wp-block-file__button\" download>Download<\/a><\/div>\n\n\n\n<div class=\"wp-block-file\"><a href=\"http:\/\/sites.edb.utexas.edu\/wp-content\/uploads\/sites\/172\/2021\/06\/Exposure-Treatment-Psyched.pptx\">Exposure Treatment<\/a><a href=\"http:\/\/sites.edb.utexas.edu\/wp-content\/uploads\/sites\/172\/2021\/06\/Exposure-Treatment-Psyched.pptx\" class=\"wp-block-file__button\" download>Download<\/a><\/div>\n\n\n\n<div class=\"wp-block-file\"><a href=\"http:\/\/sites.edb.utexas.edu\/wp-content\/uploads\/sites\/172\/2021\/06\/Relaxation-Psyched-Sheet.pptx\">Relaxation<\/a><a href=\"http:\/\/sites.edb.utexas.edu\/wp-content\/uploads\/sites\/172\/2021\/06\/Relaxation-Psyched-Sheet.pptx\" class=\"wp-block-file__button\" download>Download<\/a><\/div>\n\n\n\n<div class=\"wp-block-file\"><a href=\"http:\/\/sites.edb.utexas.edu\/wp-content\/uploads\/sites\/172\/2021\/06\/PTSD.pptx\">Post Traumatic Stress Disorder (PTSD)<\/a><a href=\"http:\/\/sites.edb.utexas.edu\/wp-content\/uploads\/sites\/172\/2021\/06\/PTSD.pptx\" class=\"wp-block-file__button\" download>Download<\/a><\/div>\n\n\n\n<div class=\"wp-block-file\"><a href=\"http:\/\/sites.edb.utexas.edu\/wp-content\/uploads\/sites\/172\/2021\/06\/Oppositional-Defiant-Disorder-Psychoed.pptx\">Oppositional Defiant Disorder<\/a><a href=\"http:\/\/sites.edb.utexas.edu\/wp-content\/uploads\/sites\/172\/2021\/06\/Oppositional-Defiant-Disorder-Psychoed.pptx\" class=\"wp-block-file__button\" download>Download<\/a><\/div>\n\n\n\n\n\n<p>These handouts were originally developed by graduate students, interns, and post-docs in psychology. Many thanks to Jesslyn Jamison, Stephani Synn, Madison Perry, Abigail Balat, Rebecca Woo, and Elizabeth Ortiz Gonzalez. \/ <em>\u00c9stas hojas informativas fueron desarrollado por estudiantes, pasantes, y psic\u00f3logos post-doctorados en psicolog\u00eda. \u00a1Muchas gracias a Jesslyn Jamison, Stephani Synn, Madison Perry, Abigail Balat, Rebecca Woo y Elizabeth Ortiz Gonzalez!<\/em><\/p>\n","protected":false},"excerpt":{"rendered":"<p>Below, please find informational handouts about common concerns for which people seek mental health services. Right now, some are available in both languages (first English, then Spanish), but others are only available in English \/ A continuaci\u00f3n, encuentre hojas informativas sobre dificultades comunes por cuales personas buscan servicios de salud mental. Ahora, algunos son accesibles [&hellip;]<\/p>\n","protected":false},"author":85,"featured_media":0,"parent":40,"menu_order":3,"comment_status":"closed","ping_status":"closed","template":"","meta":{"_monsterinsights_skip_tracking":false,"_monsterinsights_sitenote_active":false,"_monsterinsights_sitenote_note":"","_monsterinsights_sitenote_category":0,"footnotes":""},"class_list":["post-60","page","type-page","status-publish","hentry"],"_links":{"self":[{"href":"http:\/\/sites.edb.utexas.edu\/ibhr\/wp-json\/wp\/v2\/pages\/60","targetHints":{"allow":["GET"]}}],"collection":[{"href":"http:\/\/sites.edb.utexas.edu\/ibhr\/wp-json\/wp\/v2\/pages"}],"about":[{"href":"http:\/\/sites.edb.utexas.edu\/ibhr\/wp-json\/wp\/v2\/types\/page"}],"author":[{"embeddable":true,"href":"http:\/\/sites.edb.utexas.edu\/ibhr\/wp-json\/wp\/v2\/users\/85"}],"replies":[{"embeddable":true,"href":"http:\/\/sites.edb.utexas.edu\/ibhr\/wp-json\/wp\/v2\/comments?post=60"}],"version-history":[{"count":12,"href":"http:\/\/sites.edb.utexas.edu\/ibhr\/wp-json\/wp\/v2\/pages\/60\/revisions"}],"predecessor-version":[{"id":101,"href":"http:\/\/sites.edb.utexas.edu\/ibhr\/wp-json\/wp\/v2\/pages\/60\/revisions\/101"}],"up":[{"embeddable":true,"href":"http:\/\/sites.edb.utexas.edu\/ibhr\/wp-json\/wp\/v2\/pages\/40"}],"wp:attachment":[{"href":"http:\/\/sites.edb.utexas.edu\/ibhr\/wp-json\/wp\/v2\/media?parent=60"}],"curies":[{"name":"wp","href":"https:\/\/api.w.org\/{rel}","templated":true}]}}