{"id":40,"date":"2021-06-08T15:47:45","date_gmt":"2021-06-08T20:47:45","guid":{"rendered":"https:\/\/sites.edb.utexas.edu\/ibhr\/?page_id=40"},"modified":"2021-06-08T19:56:48","modified_gmt":"2021-06-09T00:56:48","slug":"sitios-de-la-salud-mental-integrada-en-austin-tx","status":"publish","type":"page","link":"http:\/\/sites.edb.utexas.edu\/ibhr\/inicio-espanol\/sitios-de-la-salud-mental-integrada-en-austin-tx\/","title":{"rendered":"Sitios en Austin, TX"},"content":{"rendered":"\n<p> A continuaci\u00f3n se presenta una lista de lugares que proveen servicios de salud mental integrada &#8211; es decir que estos incluyen servicios a trav\u00e9s de multiples tipos de proveedores de salud mental y salud f\u00edsica. A trav\u00e9s de sitios que podr\u00edan ser considerados integrados, algunos son m\u00e1s eficaces en lograr integraci\u00f3n. Esto significa que algunos sistemas podr\u00edan ser mejores que otros en coordinarse entre proveedores de servicios m\u00e9dicos (como m\u00e9dicos o enfermeras) y otros proveedores de la salud mental (como trabajadores sociales, psic\u00f3logos, o consejeros) para ayudar a pacientes. <\/p>\n\n\n\n<ul class=\"wp-block-list\" id=\"block-f9a1fba8-b6f3-4b7b-9126-5008a3e956b0\"><li>Los centros m\u00e9dicos&nbsp;que reciben fondos federales (Federally Qualified Health Centers; FQHC en ingl\u00e9s) tienen una misi\u00f3n espec\u00edfica de servir a personas que no tienen muchos recursos para acceder servicios de salud. Los FQHC t\u00edpicamente hacen evaluaciones financieras para determinar si un individuo podr\u00eda pagar para los servicios. Sin embargo, por ley, tienen que proveer servicios incluso si el receptor no pueda pagar. Tambi\u00e9n, las leyes federales como la Ley de&nbsp;Cuidado&nbsp;de&nbsp;Salud&nbsp;Asequible (ACA por sus siglas en ingl\u00e9s) proporcionaron m\u00e1s fondos para centros de salud que se convirtieron en sitios integrados. Los FQHC en Austin, TX se mencionan abajo, y se puede buscar otros <a href=\"http:\/\/findahealthcenter.hrsa.gov(opens in a new tab)\">aqu\u00ed<\/a> (enlace en ingl\u00e9s). Cada uno de los siguientes centros proveen servicios de atenci\u00f3n primaria a adolescentes, ni\u00f1os, y familias, incluso programas especializados en salud para las mujeres y atenci\u00f3n prenatal. Adem\u00e1s, a menudo hay profesionales de la salud mental asignados con los profesionales de la salud f\u00edsica. Cada uno tambi\u00e9n tiene multiples sitios.  <ul><li><a href=\"https:\/\/www.austinpcc.org\/\">People\u2019s Community Clinic<\/a><\/li><li><a href=\"https:\/\/communitycaretx.org\/\">CommUnity Care<\/a><a href=\"https:\/\/lonestarcares.org\/\">Lone Star Circle of Care&nbsp;<\/a><\/li><li><a href=\"https:\/\/lonestarcares.org\/\">Lone Star Circle of Care&nbsp;<\/a><\/li><\/ul><\/li><li>Autoridades Locales de Salud Mental (LMHA por sus siglas en ingl\u00e9s) y Autoridades Locales de Salud del Comportamiento (LBHA) reciben fondos de la Comisi\u00f3n de Salud y Servicios Humanos (CSSH) de Texas, una agencia gubernamental que supervisa varios programas p\u00fablicos para Tejanos, incluso programas que trata de <a href=\"https:\/\/yourtexasbenefits.com\/Learn\/Home?lang=es_ES\">aumentar el acceso a comida y fondos para cubrir servicios m\u00e9dicos<\/a>. Cada LMHA o LBHA aborda s\u00f3lo algunos condados de Texas. <a href=\"https:\/\/www.hhs.texas.gov\/es\/servicios\/salud-mental-consumo-de-sustancias\/recursos-para-la-salud-mental-el-consumo-de-sustancias\/localice-su-autoridad-local-de-salud-mental-o-de-salud-conductual\">Aqu\u00ed<\/a> podr\u00eda Ud. buscar una lista de todos los LMHA y LBHA y los condados en los que operan. Los siguientes son los que operan los condados en y alrededor de Austin, TX: <ul><li><a href=\"https:\/\/integralcare.org\/en\/home\/\">Integral Care<\/a> (s\u00f3lo el condado de Travis)<\/li><li><a href=\"https:\/\/bbtrails.org\/\">Bluebonnet Trails<\/a> (Bastrop, Burnet, Caldwell, Fayette, Gonzales, Guadalupe, Lee y Williamson condados)<\/li><li><a href=\"https:\/\/www.hillcountry.org\/\">Hill Country Mental Health &amp; Developmental Disabilities Centers<\/a> (Bandera, Blanco, Comal, Edwards, Gillespie, Hays, Kendall, Kerr, Kimble, Kinney, Llano, Mason, Medina, Menard, Real, Schleicher, Sutton, Uvalde y Val Verde)<\/li><\/ul><\/li><\/ul>\n\n\n\n<ul class=\"wp-block-list\" id=\"block-f9a1fba8-b6f3-4b7b-9126-5008a3e956b0\"><li><a href=\"https:\/\/www.dellchildrens.net\/espanol\/\">Sistema M\u00e9dico de Ascension Seton<\/a> (enlace en ingl\u00e9s) &#8211; Sistema nacional m\u00e9dico con multiples especialidades y tipos de cl\u00ednicas. Instituciones locales asociados con este sistema m\u00e9dico incluye <a href=\"https:\/\/www.dellchildrens.net\/\">Dell Children&#8217;s Medical Center<\/a>.<\/li><li><a href=\"http:\/\/austinrecovery.org(opens in a new tab)\">Red de Recuperaci\u00f3n de Austin<\/a> (Austin Recovery Network; enlace en ingl\u00e9s) &#8211; Aborda las necesidades de individuos y sus familias quienes han experimentado adicci\u00f3n. Incluye algunos programas como: <ul><li>The Austin Recovery Family House &#8211; un programa para padres, madres y ni\u00f1os menos de 6 a\u00f1os para vivir y recuperarse de adicciones. <\/li><li>University High School &#8211; una escuela para adolescentes y j\u00f3venes recuper\u00e1ndose de adicciones <\/li><li>Servicios Intensivos Ambulatorios &#8211; tratamiento durante el d\u00eda para personas recuper\u00e1ndose de adicciones<\/li><li>Keystone Grupo de Pares Alternativos (Keystone Alternative Peer Group) &#8211; Actividades extracurriculares dirigidos\u00a0por pares recuper\u00e1ndose de adicciones<\/li><\/ul><\/li><li><a href=\"http:\/\/benefits.va.gov\/benefits\/spanish.asp\">Administraci\u00f3n de Salud de Veteranos<\/a> (Veteran&#8217;s Health Administration en ingl\u00e9s) &#8211; brinda servicios para los que han servido en la milicia y sus familiares. Estos servicios t\u00edpicamente abordan necesidades de la salud f\u00edsica y tambi\u00e9n de salud mental. <\/li><li><a href=\"http:\/\/nursing.utexas.edu\/wellness-center(opens in a new tab)\">Centros de Bienestar de Ni\u00f1os y Familias<\/a> (enlace en ingl\u00e9s) &#8211; Estas dos cl\u00ednicas fueron desarolladas como una colaboraci\u00f3n entre el Colegio de Enfermer\u00eda de la Universidad de Texas en Austin (University of Texas School of Nursing) y Distrito Escolar Independiente de Del Valle (Del Valle Independent School District) para aumentar acceso a la atenci\u00f3n m\u00e9dica de ni\u00f1os y familias locales. <\/li><li><a href=\"https:\/\/dellmed.utexas.edu\/units\/department-of-psychiatry\/cpan-tchatt\"><a href=\"https:\/\/dellmed.utexas.edu\/units\/department-of-psychiatry\/cpan-tchatt\">Red de Acceso a Psiquiatr\u00eda Infantil (CPAN por sus siglas en ingl\u00e9s) y Acceso a Salud Infantil a trav\u00e9s de Telemedicina de Tejas (TCHATT)<\/a><\/a> (enlace en ingl\u00e9s) &#8211; La legislatura de Texas aprob\u00f3 algunas medidas de fondos para aumentar acceso a servicios apropiados para ni\u00f1os con diversas necesidades de salud mental. Por esos proyectos de ley, diferentes regiones en Texas constituyen &#8220;\u00e1reas para captar&#8221; asociados con el centro m\u00e9dico acad\u00e9mico m\u00e1s cercano (por ejemplo, Sistema M\u00e9dico de Ascension Seton para las \u00e1reas en y cerca de Austin). El programa de TCHATT colabora con enlaces en escuelas locales para permitir que ni\u00f1os y adolescentes puedan asistir hasta cuatro citas con profesionales de la salud mental, para desarollar un plan de tratamiento y abordar las necesidades del paciente. Despu\u00e9s de reunirse con el profesional de salud mental, coordinadores de cuidado ayudan a proporcionar a la familia derivaciones apropiadas y aseguran que la familia pueda acceder a las derivaciones despu\u00e9s de recibirlas. El programa de CPAN trabaja junto con ped\u00edatras locales y otros profesionales m\u00e9dicos para ofrecer consultor\u00eda sobre problemas de salud mental con su equipo de expertos. <\/li><\/ul>\n\n\n\n<p><\/p>\n","protected":false},"excerpt":{"rendered":"<p>A continuaci\u00f3n se presenta una lista de lugares que proveen servicios de salud mental integrada &#8211; es decir que estos incluyen servicios a trav\u00e9s de multiples tipos de proveedores de salud mental y salud f\u00edsica. A trav\u00e9s de sitios que podr\u00edan ser considerados integrados, algunos son m\u00e1s eficaces en lograr integraci\u00f3n. Esto significa que algunos [&hellip;]<\/p>\n","protected":false},"author":85,"featured_media":0,"parent":34,"menu_order":2,"comment_status":"closed","ping_status":"closed","template":"","meta":{"_monsterinsights_skip_tracking":false,"_monsterinsights_sitenote_active":false,"_monsterinsights_sitenote_note":"","_monsterinsights_sitenote_category":0,"footnotes":""},"class_list":["post-40","page","type-page","status-publish","hentry"],"_links":{"self":[{"href":"http:\/\/sites.edb.utexas.edu\/ibhr\/wp-json\/wp\/v2\/pages\/40","targetHints":{"allow":["GET"]}}],"collection":[{"href":"http:\/\/sites.edb.utexas.edu\/ibhr\/wp-json\/wp\/v2\/pages"}],"about":[{"href":"http:\/\/sites.edb.utexas.edu\/ibhr\/wp-json\/wp\/v2\/types\/page"}],"author":[{"embeddable":true,"href":"http:\/\/sites.edb.utexas.edu\/ibhr\/wp-json\/wp\/v2\/users\/85"}],"replies":[{"embeddable":true,"href":"http:\/\/sites.edb.utexas.edu\/ibhr\/wp-json\/wp\/v2\/comments?post=40"}],"version-history":[{"count":7,"href":"http:\/\/sites.edb.utexas.edu\/ibhr\/wp-json\/wp\/v2\/pages\/40\/revisions"}],"predecessor-version":[{"id":59,"href":"http:\/\/sites.edb.utexas.edu\/ibhr\/wp-json\/wp\/v2\/pages\/40\/revisions\/59"}],"up":[{"embeddable":true,"href":"http:\/\/sites.edb.utexas.edu\/ibhr\/wp-json\/wp\/v2\/pages\/34"}],"wp:attachment":[{"href":"http:\/\/sites.edb.utexas.edu\/ibhr\/wp-json\/wp\/v2\/media?parent=40"}],"curies":[{"name":"wp","href":"https:\/\/api.w.org\/{rel}","templated":true}]}}