{"id":37,"date":"2021-06-08T15:47:28","date_gmt":"2021-06-08T20:47:28","guid":{"rendered":"https:\/\/sites.edb.utexas.edu\/ibhr\/?page_id=37"},"modified":"2021-06-08T18:45:08","modified_gmt":"2021-06-08T23:45:08","slug":"disciplinas-comunes","status":"publish","type":"page","link":"http:\/\/sites.edb.utexas.edu\/ibhr\/inicio-espanol\/disciplinas-comunes\/","title":{"rendered":"Disciplinas Comunes"},"content":{"rendered":"\n<p>A menudo, dentro dada profesi\u00f3n, individuos no aprenden sobre otros profesionales de la salud mental o f\u00edsica y sus roles. Eso podr\u00eda crear confusi\u00f3n cuando profesionales de diferentes disciplinas intentan de trabajar juntos. Esta p\u00e1gina fue creado para proporcionar una descripci\u00f3n general de diferentes tipos de profesionales y su educaci\u00f3n y especialidad.<\/p>\n\n\n\n<p><a href=\"https:\/\/www.ifsw.org\/what-is-social-work\/global-definition-of-social-work\/definicion-global-del-trabajo-social\/\"><strong>Trabajadores sociales<\/strong><\/a> &#8211; Trabajadores sociales generalmente tiene un t\u00edtulo universitario de Bachelor&#8217;s (BA) o de la maestr\u00eda (MA) en trabajo social. Despu\u00e9s de graduarse, ellos aprobar un examen de licencitura para obtener su Maestr\u00eda Licenciado en Trabajo Social (LMSW por sus siglas en ingl\u00e9s). Despu\u00e9s de uno o dos a\u00f1os de trabajo supervisado por otro trabajador social m\u00e1s superior, podr\u00edan hacerse en Trabajador Social Licenciada Cl\u00ednica (LCSW). Trabajadores sociales pueden obtener empleos diversos para trabajar. Este proceso suele durar 3-5 a\u00f1os. Algunos trabajadores sociales especializan en hacer terapia, entre otros trabajan en conectar miebros de la comunidad con varios recursos como servicios legales, alojamientos, o de salud mental o f\u00edsica (este trabajo se llama manejo de casos). Otros trabajan para organizaciones sin fines de lucro que proveen servicios en comunidades o hacerse involucado en esfuerzos para mejorar pol\u00edticas de salud mental o abogar por individuos con dificultades de salud mental. <\/p>\n\n\n\n<p>Consejeros Especialistas, Cl\u00ednicas, o Terapeutas &#8211; Esos individuos generalmente tienen un t\u00edtulo de maestr\u00eda, por ejemplo en consejer\u00eda psicol\u00f3gica, o podr\u00edan tener un t\u00edtulo m\u00e1s especializado en terapia matrimonial y familiar, o consejer\u00eda de adicciones. Suelen especializarse en brindar servicios directos (como terapia), pero a veces tambi\u00e9n proporcionan manejo de casos. Podr\u00edan ser <a href=\"https:\/\/sites.google.com\/site\/cplconsejeriaprofesional\/identidad-profesional\/nuestra-profesion\">consejeros profesionales licenciados<\/a> (LPC por sus siglas en ingl\u00e9s), <a href=\"https:\/\/www.miproximopaso.org\/profile\/summary\/21-1011.00\">consejeros de&nbsp;la&nbsp;dependencia qu\u00edmica<\/a> (LCDC), o <a href=\"https:\/\/www.careeronestop.org\/toolkit\/careers\/occupations\/occupation-profile.aspx?keyword=Marriage%20and%20Family%20Therapists&amp;onetcode=21101300&amp;location=UNITED%20STATES&amp;lang=es\">terapeutas licenciadas de matrimonios y familias<\/a> (LMFT). <\/p>\n\n\n\n<p><a href=\"https:\/\/www.apa.org\/centrodeapoyo\/ayudan\">Psic\u00f3logos<\/a> &#8211; Psic\u00f3logos profesionales obtienen sus doctorados (por lo general un Ph.D. o Psy.D.) en las \u00e1reas de psicolog\u00eda cl\u00ednica, psicolog\u00eda de consejer\u00eda, o psicolog\u00eda escolar. Durante ese tiempo, suelen obtener una maestr\u00eda tambi\u00e9n y completar 3-5 a\u00f1os de pr\u00e1cticas cl\u00ednicas para graduarse. Normalmente, psic\u00f3logos tienen entrenamiento en m\u00e9todos de investigaci\u00f3n acad\u00e9mico y sobre cuales estrategias de terapia son m\u00e1s &#8220;basados en evidencia&#8221; comparado a otros profesionales de la salud mental. Tambi\u00e9n pasan m\u00e1s a\u00f1os proporcionando terapia supervisada antes de obtener sus t\u00edtulos, aunque varia entre programas doctorales. A menudo, tienen tambi\u00e9n m\u00e1s entrenamiento en evaluaciones psicol\u00f3gicos, que involucran observando pacientes mientras completen ciertas tareas o respondan a ciertas preguntas. Despu\u00e9s de la evaluaci\u00f3n, el psic\u00f3logo escribe un reportaje sobre su rendimiento. Despu\u00e9s de 3-5 a\u00f1os en la escuela post-graduada, participan en un &#8220;match&#8221; nacional para obtener una pasant\u00eda cl\u00ednica, que es una residencia de un a\u00f1o (a menudo en otra regi\u00f3n geogr\u00e1fica) en que se dedican completamente a trabajo cl\u00ednico. Para hacerse psic\u00f3logo profesional, necesitan completar el doctorado, el a\u00f1o de pasant\u00eda, y (en la mayor\u00eda de estados de EEUU) otro(s) a\u00f1os postdoctorales para otener m\u00e1s horas cl\u00ednicas supervisadas hasta una cantidad decidido por el estado, y aprobar un examen que se llama el Examen de la Pr\u00e1ctica Profesional de Psicolog\u00eda (EPPP por las siglas en ingl\u00e9s). Este proceso dura 6-8 a\u00f1os despu\u00e9s del t\u00edtulo universitario de Bachelor&#8217;s. Algunos psic\u00f3logos tiene especializaciones en neuropsicolog\u00eda, o en diagnosticar y tratar trastornos del cerebro que afectan funcionamiento psicol\u00f3gico, y generalmente pasar su tiempo haciendo evaluaciones psicol\u00f3gicas especializadas. <\/p>\n\n\n\n<p><a href=\"https:\/\/medlineplus.gov\/spanish\/ency\/article\/001939.htm\"><strong>M\u00e9dicos de cabecera o atenci\u00f3n primaria\/Ped\u00edatras<\/strong><\/a> &#8211; M\u00e9dicos de cabecera, que tambi\u00e9n se llaman de atenci\u00f3n primaria, generalista, o de familia, son entrenados en una variedad de dificultades m\u00e9dicos que son m\u00e1s comunes. Generalmente, son los primeros quien mira un paciente en el sistema m\u00e9dico para identificar un problema, y para cuidado m\u00e1s especializado a menudo se refieren a otros tipos de m\u00e9dicos, como psiqu\u00edatras, neur\u00f3logos, y otras especialistas. Ped\u00edatras tambi\u00e9n son m\u00e9dicos generalistas, pero se especializan en trabajar con beb\u00e9s, ni\u00f1os, y adolescentes. Para hacerse un m\u00e9dico de cabecera o ped\u00edatra, individuos necesitan asistir a escuela m\u00e9dica (para obtener un t\u00edtulo de Doctor Medical, MD por sus siglas en ingl\u00e9s, o Doctor de Osteopat\u00eda, DO) y despu\u00e9s completar una residencia en atenci\u00f3n primaria o pediatr\u00eda. <\/p>\n\n\n\n<p><strong><a href=\"https:\/\/www.discapnet.es\/areas-tematicas\/salud\/guias-y-articulos-de-salud\/guia-sobre-salud-mental\/que-es-la-psiquiatria\">Psiqu\u00edatras<\/a><\/strong> &#8211; Psiqu\u00edatras son m\u00e9dicos. Despu\u00e9s de graduarse de cuatro a\u00f1os de escuela m\u00e9dica (con un MD o DO; en que adquieren experiencia en los varios sistemas del cuerpo), toman un examen del estado para practicar medicina, y despu\u00e9s completar una residencia de cuatro a\u00f1os en psiquiatr\u00eda. Si toman un examen adicional brinda por la Junta Estadounidense de Psiquiatr\u00eda y Neurolog\u00eda, podr\u00edan convertirse en psiqu\u00edatras &#8220;certificado por la junta&#8221; (&#8220;board certified&#8221; en ingl\u00e9s). Psiqu\u00edatras tienen entrenamiento especializado en recetar medicamentos psiqui\u00e1tricos para trastornos de la salud mental, como TDAH, depresi\u00f3n, trastorno bipolar, esquizofrenia, y trastornos psic\u00f3ticos. Aunque cualquier recetador (m\u00e9dico o enfermera) puede recetar estos medicamentos, psiqu\u00edatras tiene mucho m\u00e1s  profundo conocimiento de medicamentos para condiciones de salud mental que otros m\u00e9dicos, y a menudo otros m\u00e9dicos mandan sus pacientes a psiqu\u00edatras para medicamentos psiqui\u00e1tricos por su pericia especial. Comunmente, psiqu\u00edatras que especializan en trabajar con ni\u00f1os y adolescentes completan otros a\u00f1os de entrenamiento despu\u00e9s de la residencia general de psiquiatr\u00eda. <\/p>\n\n\n\n<p><strong>Enfermera calificada en salud mental psiqui\u00e1trica<\/strong> &#8211; Enfermeras calificadas completan entrenamiento especializado en enfermer\u00eda para hacer muchas de las mismas cosas que pueden hacer m\u00e9dicos de cabecera. Enfermeras calificadas de salud mental psiqui\u00e1trica (PMHNP por sus siglas en ingl\u00e9s) son enfermeras calificadas que han desarrollado una especialidad en cuidado psiqui\u00e1trico y de salud mental, y asisten un programa de enfermer\u00eda espec\u00edfico para esta especialidad. Como m\u00e9dicos, pueden tambi\u00e9n recetar medicamentos, pero en algunos estados sus poderes de recetar son limitados o necesitan ser supervisados por un m\u00e9dico (como un psiqui\u00e1trico). En el estado de Texas, PMHNP no puede recetar ciertos medicamentos para TDAH porque son en una clase de drogas protegida que solo pueden ser recetados por m\u00e9dicos (todav\u00eda pueden recetar estos medicamentos en ciertos centros hospitalarios o la atenci\u00f3n final de la vida).<\/p>\n\n\n\n<p>El t\u00e9rmino &#8220;terapeuta&#8221; o &#8220;consejero&#8221; podr\u00eda referirse a algunos de los profesionales arriba, porque de hecho, cualquier de las personas arriba podr\u00eda hacer terapia (reunirse con pacientes para sesiones de 50 minutos con la meta de resolver dificultades de la vida o mejorar funcionamiento en el contexto de trastornos de salud mental). Si la persona tiene una &#8220;Dr.&#8221; antes de su apellido, es probable que la persona sea un m\u00e9dico o psic\u00f3logo. Adem\u00e1s, sin embargo, es posible obtener t\u00edtulos doctorales en trabajo social, enfermer\u00eda, o farmac\u00eda, en dado caso esos profesionales tambi\u00e9n se referir\u00eda como &#8220;Dr.&#8221; <\/p>\n","protected":false},"excerpt":{"rendered":"<p>A menudo, dentro dada profesi\u00f3n, individuos no aprenden sobre otros profesionales de la salud mental o f\u00edsica y sus roles. Eso podr\u00eda crear confusi\u00f3n cuando profesionales de diferentes disciplinas intentan de trabajar juntos. Esta p\u00e1gina fue creado para proporcionar una descripci\u00f3n general de diferentes tipos de profesionales y su educaci\u00f3n y especialidad. Trabajadores sociales &#8211; [&hellip;]<\/p>\n","protected":false},"author":85,"featured_media":0,"parent":34,"menu_order":1,"comment_status":"closed","ping_status":"closed","template":"","meta":{"_monsterinsights_skip_tracking":false,"_monsterinsights_sitenote_active":false,"_monsterinsights_sitenote_note":"","_monsterinsights_sitenote_category":0,"footnotes":""},"class_list":["post-37","page","type-page","status-publish","hentry"],"_links":{"self":[{"href":"http:\/\/sites.edb.utexas.edu\/ibhr\/wp-json\/wp\/v2\/pages\/37","targetHints":{"allow":["GET"]}}],"collection":[{"href":"http:\/\/sites.edb.utexas.edu\/ibhr\/wp-json\/wp\/v2\/pages"}],"about":[{"href":"http:\/\/sites.edb.utexas.edu\/ibhr\/wp-json\/wp\/v2\/types\/page"}],"author":[{"embeddable":true,"href":"http:\/\/sites.edb.utexas.edu\/ibhr\/wp-json\/wp\/v2\/users\/85"}],"replies":[{"embeddable":true,"href":"http:\/\/sites.edb.utexas.edu\/ibhr\/wp-json\/wp\/v2\/comments?post=37"}],"version-history":[{"count":5,"href":"http:\/\/sites.edb.utexas.edu\/ibhr\/wp-json\/wp\/v2\/pages\/37\/revisions"}],"predecessor-version":[{"id":54,"href":"http:\/\/sites.edb.utexas.edu\/ibhr\/wp-json\/wp\/v2\/pages\/37\/revisions\/54"}],"up":[{"embeddable":true,"href":"http:\/\/sites.edb.utexas.edu\/ibhr\/wp-json\/wp\/v2\/pages\/34"}],"wp:attachment":[{"href":"http:\/\/sites.edb.utexas.edu\/ibhr\/wp-json\/wp\/v2\/media?parent=37"}],"curies":[{"name":"wp","href":"https:\/\/api.w.org\/{rel}","templated":true}]}}