{"id":34,"date":"2021-06-08T15:47:36","date_gmt":"2021-06-08T20:47:36","guid":{"rendered":"https:\/\/sites.edb.utexas.edu\/ibhr\/?page_id=34"},"modified":"2021-06-08T18:14:57","modified_gmt":"2021-06-08T23:14:57","slug":"inicio-espanol","status":"publish","type":"page","link":"http:\/\/sites.edb.utexas.edu\/ibhr\/inicio-espanol\/","title":{"rendered":"Inicio &#8211; Espa\u00f1ol"},"content":{"rendered":"\n<p>Muchos individuos que necesitan servicios de salud mental, y los miembros de sus familias, tienen dificultades para acceder a estos servicios. Adem\u00e1s, algunos proveedores tienen dificultades de comunicaci\u00f3n unos con otros para crear un plan de tratamiento unificado. La meta de la integraci\u00f3n de servicios de salud es abordar la falta de servicios de salud mental para introducirlos en sitios que tradicionalmente s\u00f3lo proveen servicios m\u00e9dicos, como oficinas de atenci\u00f3n primaria, cl\u00ednicas comunitarias y otros sitios. Algunos sitios integran otros servicios tambi\u00e9n.  Colaboraciones entre escuelas y sitios m\u00e9dicos, por ejemplo, podr\u00edan ser ubicados en o cerca de una escuela y as\u00ed mismo incluir servicios de salud f\u00edsica (m\u00e9dicos o enfermer\u00eda) y servicios de salud mental. El estigma contra la salud mental &#8211; la creencia que la salud mental es menos v\u00e1lida o menos importante que otros componentes de la salud &#8211; es una raz\u00f3n por la cual los servicios de salud mental han sido separados hist\u00f3ricamente de los servicios de salud f\u00edsica. La clara separaci\u00f3n entre servicios de salud mental y salud f\u00edsica podr\u00eda dar la impresi\u00f3n que los servicios de salud mental son diferentes o menos v\u00e1lidos que otros servicios m\u00e9dicos. Una ventaja de hacerlos accesibles en sitios de salud f\u00edsica es que se reduce el estigma de salud mental al eliminar esa separaci\u00f3n. <\/p>\n\n\n\n<p>La meta de esta p\u00e1gina web es proveer informaci\u00f3n general sobre la salud mental integrada y hacer accesibles recursos relacionados a la salud mental integrada en Austin, TX para proveedores de salud mental integrada y pacientes, buscando ayuda en servicios de la salud mental integrada. <\/p>\n\n\n\n<p><a href=\"http:\/\/sites.edb.utexas.edu\/ibhr\/sitios-de-la-salud-mental-integrada-en-austin-tx\/\">\u00c9sta p\u00e1gina provee informaci\u00f3n sobre sitios de salud mental integrada aqu\u00ed en Austin, TX. <\/a><\/p>\n\n\n\n<p><a href=\"http:\/\/sites.edb.utexas.edu\/ibhr\/disciplinas-comunes\/\">\u00c9sta p\u00e1gina provee informaci\u00f3n sobre los varios roles de diferentes proveedores que existen t\u00edpicamente en sitios de salud integrada. <\/a><\/p>\n","protected":false},"excerpt":{"rendered":"<p>Muchos individuos que necesitan servicios de salud mental, y los miembros de sus familias, tienen dificultades para acceder a estos servicios. Adem\u00e1s, algunos proveedores tienen dificultades de comunicaci\u00f3n unos con otros para crear un plan de tratamiento unificado. La meta de la integraci\u00f3n de servicios de salud es abordar la falta de servicios de salud [&hellip;]<\/p>\n","protected":false},"author":85,"featured_media":0,"parent":0,"menu_order":1,"comment_status":"closed","ping_status":"closed","template":"","meta":{"_monsterinsights_skip_tracking":false,"_monsterinsights_sitenote_active":false,"_monsterinsights_sitenote_note":"","_monsterinsights_sitenote_category":0,"footnotes":""},"class_list":["post-34","page","type-page","status-publish","hentry"],"_links":{"self":[{"href":"http:\/\/sites.edb.utexas.edu\/ibhr\/wp-json\/wp\/v2\/pages\/34","targetHints":{"allow":["GET"]}}],"collection":[{"href":"http:\/\/sites.edb.utexas.edu\/ibhr\/wp-json\/wp\/v2\/pages"}],"about":[{"href":"http:\/\/sites.edb.utexas.edu\/ibhr\/wp-json\/wp\/v2\/types\/page"}],"author":[{"embeddable":true,"href":"http:\/\/sites.edb.utexas.edu\/ibhr\/wp-json\/wp\/v2\/users\/85"}],"replies":[{"embeddable":true,"href":"http:\/\/sites.edb.utexas.edu\/ibhr\/wp-json\/wp\/v2\/comments?post=34"}],"version-history":[{"count":6,"href":"http:\/\/sites.edb.utexas.edu\/ibhr\/wp-json\/wp\/v2\/pages\/34\/revisions"}],"predecessor-version":[{"id":58,"href":"http:\/\/sites.edb.utexas.edu\/ibhr\/wp-json\/wp\/v2\/pages\/34\/revisions\/58"}],"wp:attachment":[{"href":"http:\/\/sites.edb.utexas.edu\/ibhr\/wp-json\/wp\/v2\/media?parent=34"}],"curies":[{"name":"wp","href":"https:\/\/api.w.org\/{rel}","templated":true}]}}